{"id":1709,"date":"2021-04-19T16:10:02","date_gmt":"2021-04-19T14:10:02","guid":{"rendered":"https:\/\/18.events\/politique-de-confidentialite\/"},"modified":"2021-04-19T16:10:02","modified_gmt":"2021-04-19T14:10:02","slug":"politique-de-confidentialite","status":"publish","type":"page","link":"https:\/\/18.events\/en\/politique-de-confidentialite\/","title":{"rendered":"Politique de confidentialit\u00e9"},"content":{"rendered":"&#13;\n<h2 class=\"wp-block-heading\">Qui sommes-nous\u00a0?<\/h2>&#13;\n&#13;\n<p>L\u2019adresse de notre site Web est\u00a0: https:\/\/18.events.<\/p>&#13;\n&#13;\n<h2 class=\"wp-block-heading\">Utilisation des donn\u00e9es personnelles collect\u00e9es<\/h2>&#13;\n&#13;\n<h3 class=\"wp-block-heading\">Contenu embarqu\u00e9 depuis d\u2019autres sites<\/h3>&#13;\n&#13;\n<p>Les articles de ce site peuvent inclure des contenus int\u00e9gr\u00e9s (par exemple des vid\u00e9os, images, articles\u2026). Le contenu int\u00e9gr\u00e9 depuis d\u2019autres sites se comporte de la m\u00eame mani\u00e8re que si le visiteur se rendait sur cet autre site.<\/p>&#13;\n&#13;\n<p>Ces sites web pourraient collecter des donn\u00e9es sur vous, utiliser des cookies, embarquer des outils de suivis tiers, suivre vos interactions avec ces contenus embarqu\u00e9s si vous disposez d\u2019un compte connect\u00e9 sur leur site web.<\/p>&#13;\n&#13;\n<h2 class=\"wp-block-heading\">Dur\u00e9es de stockage de vos donn\u00e9es<\/h2>&#13;\n&#13;\n<p>Pour les utilisateurs et utilisatrices qui s\u2019enregistrent sur notre site (si cela est possible), nous stockons \u00e9galement les donn\u00e9es personnelles indiqu\u00e9es dans leur profil. Tous les utilisateurs et utilisatrices peuvent voir, modifier ou supprimer leurs informations personnelles \u00e0 tout moment (\u00e0 l\u2019exception de leur nom d\u2019utilisateur\u00b7ice). Les gestionnaires du site peuvent aussi voir et modifier ces informations.<\/p>&#13;\n&#13;\n<h2 class=\"wp-block-heading\">Les droits que vous avez sur vos donn\u00e9es<\/h2>&#13;\n&#13;\n<p>Si vous avez un compte ou si vous avez laiss\u00e9 des commentaires sur le site, vous pouvez demander \u00e0 recevoir un fichier contenant toutes les donn\u00e9es personnelles que nous poss\u00e9dons \u00e0 votre sujet, incluant celles que vous nous avez fournies. Vous pouvez \u00e9galement demander la suppression des donn\u00e9es personnelles vous concernant. Cela ne prend pas en compte les donn\u00e9es stock\u00e9es \u00e0 des fins administratives, l\u00e9gales ou pour des raisons de s\u00e9curit\u00e9.<\/p>&#13;\n","protected":false},"excerpt":{"rendered":"<p>&#13; Qui sommes-nous\u00a0? &#13; &#13; L\u2019adresse de notre site Web est\u00a0: https:\/\/18.events. &#13; &#13; Utilisation des donn\u00e9es personnelles collect\u00e9es &#13; &#13; Contenu embarqu\u00e9 depuis d\u2019autres sites &#13; &#13; Les articles de ce site peuvent inclure des contenus int\u00e9gr\u00e9s (par exemple des vid\u00e9os, images, articles\u2026). Le contenu int\u00e9gr\u00e9 depuis d\u2019autres sites se comporte de la m\u00eame [&hellip;]<\/p>\n","protected":false},"author":1,"featured_media":0,"parent":0,"menu_order":0,"comment_status":"closed","ping_status":"open","template":"","meta":{"_acf_changed":false,"footnotes":""},"class_list":["post-1709","page","type-page","status-publish","hentry"],"acf":[],"yoast_head":"<!-- This site is optimized with the Yoast SEO plugin v27.4 - https:\/\/yoast.com\/product\/yoast-seo-wordpress\/ -->\n<title>Politique de confidentialit\u00e9 | 18.events - Events creator around golf<\/title>\n<meta name=\"robots\" content=\"index, follow, max-snippet:-1, max-image-preview:large, max-video-preview:-1\" \/>\n<link rel=\"canonical\" href=\"https:\/\/18.events\/en\/politique-de-confidentialite\/\" \/>\n<meta property=\"og:locale\" content=\"en_US\" \/>\n<meta property=\"og:type\" content=\"article\" \/>\n<meta property=\"og:title\" content=\"Politique de confidentialit\u00e9 | 18.events - Events creator around golf\" \/>\n<meta property=\"og:description\" content=\"&#013; Qui sommes-nous\u00a0? &#013; &#013; L\u2019adresse de notre site Web est\u00a0: https:\/\/18.events. &#013; &#013; Utilisation des donn\u00e9es personnelles collect\u00e9es &#013; &#013; Contenu embarqu\u00e9 depuis d\u2019autres sites &#013; &#013; Les articles de ce site peuvent inclure des contenus int\u00e9gr\u00e9s (par exemple des vid\u00e9os, images, articles\u2026). Le contenu int\u00e9gr\u00e9 depuis d\u2019autres sites se comporte de la m\u00eame [&hellip;]\" \/>\n<meta property=\"og:url\" content=\"https:\/\/18.events\/en\/politique-de-confidentialite\/\" \/>\n<meta property=\"og:site_name\" content=\"18.events\" \/>\n<meta name=\"twitter:card\" content=\"summary_large_image\" \/>\n<meta name=\"twitter:label1\" content=\"Est. reading time\" \/>\n\t<meta name=\"twitter:data1\" content=\"1 minute\" \/>\n<script type=\"application\/ld+json\" class=\"yoast-schema-graph\">{\"@context\":\"https:\\\/\\\/schema.org\",\"@graph\":[{\"@type\":\"WebPage\",\"@id\":\"https:\\\/\\\/18.events\\\/en\\\/politique-de-confidentialite\\\/\",\"url\":\"https:\\\/\\\/18.events\\\/en\\\/politique-de-confidentialite\\\/\",\"name\":\"Politique de confidentialit\u00e9 | 18.events - Events creator around golf\",\"isPartOf\":{\"@id\":\"https:\\\/\\\/18.events\\\/#website\"},\"datePublished\":\"2021-04-19T14:10:02+00:00\",\"breadcrumb\":{\"@id\":\"https:\\\/\\\/18.events\\\/en\\\/politique-de-confidentialite\\\/#breadcrumb\"},\"inLanguage\":\"en-US\",\"potentialAction\":[{\"@type\":\"ReadAction\",\"target\":[\"https:\\\/\\\/18.events\\\/en\\\/politique-de-confidentialite\\\/\"]}]},{\"@type\":\"BreadcrumbList\",\"@id\":\"https:\\\/\\\/18.events\\\/en\\\/politique-de-confidentialite\\\/#breadcrumb\",\"itemListElement\":[{\"@type\":\"ListItem\",\"position\":1,\"name\":\"Accueil\",\"item\":\"https:\\\/\\\/18.events\\\/en\\\/\"},{\"@type\":\"ListItem\",\"position\":2,\"name\":\"Politique de confidentialit\u00e9\"}]},{\"@type\":\"WebSite\",\"@id\":\"https:\\\/\\\/18.events\\\/#website\",\"url\":\"https:\\\/\\\/18.events\\\/\",\"name\":\"18.events\",\"description\":\"Events creator around golf\",\"publisher\":{\"@id\":\"https:\\\/\\\/18.events\\\/#organization\"},\"potentialAction\":[{\"@type\":\"SearchAction\",\"target\":{\"@type\":\"EntryPoint\",\"urlTemplate\":\"https:\\\/\\\/18.events\\\/?s={search_term_string}\"},\"query-input\":{\"@type\":\"PropertyValueSpecification\",\"valueRequired\":true,\"valueName\":\"search_term_string\"}}],\"inLanguage\":\"en-US\"},{\"@type\":\"Organization\",\"@id\":\"https:\\\/\\\/18.events\\\/#organization\",\"name\":\"18.events\",\"url\":\"https:\\\/\\\/18.events\\\/\",\"logo\":{\"@type\":\"ImageObject\",\"inLanguage\":\"en-US\",\"@id\":\"https:\\\/\\\/18.events\\\/#\\\/schema\\\/logo\\\/image\\\/\",\"url\":\"https:\\\/\\\/18.events\\\/wp-content\\\/uploads\\\/2021\\\/02\\\/logo.svg\",\"contentUrl\":\"https:\\\/\\\/18.events\\\/wp-content\\\/uploads\\\/2021\\\/02\\\/logo.svg\",\"width\":1,\"height\":1,\"caption\":\"18.events\"},\"image\":{\"@id\":\"https:\\\/\\\/18.events\\\/#\\\/schema\\\/logo\\\/image\\\/\"}}]}<\/script>\n<!-- \/ Yoast SEO plugin. -->","yoast_head_json":{"title":"Politique de confidentialit\u00e9 | 18.events - Events creator around golf","robots":{"index":"index","follow":"follow","max-snippet":"max-snippet:-1","max-image-preview":"max-image-preview:large","max-video-preview":"max-video-preview:-1"},"canonical":"https:\/\/18.events\/en\/politique-de-confidentialite\/","og_locale":"en_US","og_type":"article","og_title":"Politique de confidentialit\u00e9 | 18.events - Events creator around golf","og_description":"&#13; Qui sommes-nous\u00a0? &#13; &#13; L\u2019adresse de notre site Web est\u00a0: https:\/\/18.events. &#13; &#13; Utilisation des donn\u00e9es personnelles collect\u00e9es &#13; &#13; Contenu embarqu\u00e9 depuis d\u2019autres sites &#13; &#13; Les articles de ce site peuvent inclure des contenus int\u00e9gr\u00e9s (par exemple des vid\u00e9os, images, articles\u2026). Le contenu int\u00e9gr\u00e9 depuis d\u2019autres sites se comporte de la m\u00eame [&hellip;]","og_url":"https:\/\/18.events\/en\/politique-de-confidentialite\/","og_site_name":"18.events","twitter_card":"summary_large_image","twitter_misc":{"Est. reading time":"1 minute"},"schema":{"@context":"https:\/\/schema.org","@graph":[{"@type":"WebPage","@id":"https:\/\/18.events\/en\/politique-de-confidentialite\/","url":"https:\/\/18.events\/en\/politique-de-confidentialite\/","name":"Politique de confidentialit\u00e9 | 18.events - Events creator around golf","isPartOf":{"@id":"https:\/\/18.events\/#website"},"datePublished":"2021-04-19T14:10:02+00:00","breadcrumb":{"@id":"https:\/\/18.events\/en\/politique-de-confidentialite\/#breadcrumb"},"inLanguage":"en-US","potentialAction":[{"@type":"ReadAction","target":["https:\/\/18.events\/en\/politique-de-confidentialite\/"]}]},{"@type":"BreadcrumbList","@id":"https:\/\/18.events\/en\/politique-de-confidentialite\/#breadcrumb","itemListElement":[{"@type":"ListItem","position":1,"name":"Accueil","item":"https:\/\/18.events\/en\/"},{"@type":"ListItem","position":2,"name":"Politique de confidentialit\u00e9"}]},{"@type":"WebSite","@id":"https:\/\/18.events\/#website","url":"https:\/\/18.events\/","name":"18.events","description":"Events creator around golf","publisher":{"@id":"https:\/\/18.events\/#organization"},"potentialAction":[{"@type":"SearchAction","target":{"@type":"EntryPoint","urlTemplate":"https:\/\/18.events\/?s={search_term_string}"},"query-input":{"@type":"PropertyValueSpecification","valueRequired":true,"valueName":"search_term_string"}}],"inLanguage":"en-US"},{"@type":"Organization","@id":"https:\/\/18.events\/#organization","name":"18.events","url":"https:\/\/18.events\/","logo":{"@type":"ImageObject","inLanguage":"en-US","@id":"https:\/\/18.events\/#\/schema\/logo\/image\/","url":"https:\/\/18.events\/wp-content\/uploads\/2021\/02\/logo.svg","contentUrl":"https:\/\/18.events\/wp-content\/uploads\/2021\/02\/logo.svg","width":1,"height":1,"caption":"18.events"},"image":{"@id":"https:\/\/18.events\/#\/schema\/logo\/image\/"}}]}},"_links":{"self":[{"href":"https:\/\/18.events\/en\/wp-json\/wp\/v2\/pages\/1709","targetHints":{"allow":["GET"]}}],"collection":[{"href":"https:\/\/18.events\/en\/wp-json\/wp\/v2\/pages"}],"about":[{"href":"https:\/\/18.events\/en\/wp-json\/wp\/v2\/types\/page"}],"author":[{"embeddable":true,"href":"https:\/\/18.events\/en\/wp-json\/wp\/v2\/users\/1"}],"replies":[{"embeddable":true,"href":"https:\/\/18.events\/en\/wp-json\/wp\/v2\/comments?post=1709"}],"version-history":[{"count":0,"href":"https:\/\/18.events\/en\/wp-json\/wp\/v2\/pages\/1709\/revisions"}],"wp:attachment":[{"href":"https:\/\/18.events\/en\/wp-json\/wp\/v2\/media?parent=1709"}],"curies":[{"name":"wp","href":"https:\/\/api.w.org\/{rel}","templated":true}]}}